{"id":65,"date":"2016-11-05T12:27:28","date_gmt":"2016-11-05T12:27:28","guid":{"rendered":"http:\/\/www.giadefin.com\/web\/?page_id=65"},"modified":"2019-03-29T11:35:03","modified_gmt":"2019-03-29T10:35:03","slug":"seguros","status":"publish","type":"page","link":"http:\/\/www.giadefin.com\/en\/seguros\/","title":{"rendered":"Seguros"},"content":{"rendered":"<p><img decoding=\"async\" loading=\"lazy\" class=\"alignleft size-medium wp-image-215\" src=\"http:\/\/www.giadefin.com\/wp-content\/uploads\/2016\/11\/LOGO2017-300x55.png\" alt=\"logo2017\" width=\"300\" height=\"55\" srcset=\"http:\/\/www.giadefin.com\/wp-content\/uploads\/2016\/11\/LOGO2017-300x55.png 300w, http:\/\/www.giadefin.com\/wp-content\/uploads\/2016\/11\/LOGO2017-768x140.png 768w, http:\/\/www.giadefin.com\/wp-content\/uploads\/2016\/11\/LOGO2017-1024x187.png 1024w\" sizes=\"(max-width: 300px) 100vw, 300px\" \/>En <strong>GIADEFIN<\/strong>, le ofrecemos una variedad de coberturas desde salud, ocio, vida hasta hogar, comunidades, industriales.<\/p>\n<p>Contamos con las compa\u00f1\u00edas m\u00e1s presentes en el sector de los seguros con una amplia cobertura de servicios y productos al mejor precio.<\/p>","protected":false},"excerpt":{"rendered":"<p>En GIADEFIN, le ofrecemos una variedad de coberturas desde salud, ocio, vida hasta hogar, comunidades, industriales. Contamos con las compa\u00f1\u00edas m\u00e1s presentes en el sector de los seguros con una amplia cobertura de servicios y productos al mejor precio.<\/p>\n","protected":false},"author":1,"featured_media":0,"parent":0,"menu_order":0,"comment_status":"closed","ping_status":"closed","template":"","meta":{"_mi_skip_tracking":false},"yoast_head":"<!-- This site is optimized with the Yoast SEO plugin v20.2.1 - https:\/\/yoast.com\/wordpress\/plugins\/seo\/ -->\n<title>Seguros - Giadef\u00edn | Gesti\u00f3n Inmobiliaria y Administraci\u00f3n de Fincas<\/title>\n<meta name=\"robots\" content=\"index, follow, max-snippet:-1, max-image-preview:large, max-video-preview:-1\" \/>\n<link rel=\"canonical\" href=\"http:\/\/www.giadefin.com\/en\/seguros\/\" \/>\n<meta property=\"og:locale\" content=\"en_US\" \/>\n<meta property=\"og:type\" content=\"article\" \/>\n<meta property=\"og:title\" content=\"Seguros - Giadef\u00edn | Gesti\u00f3n Inmobiliaria y Administraci\u00f3n de Fincas\" \/>\n<meta property=\"og:description\" content=\"En GIADEFIN, le ofrecemos una variedad de coberturas desde salud, ocio, vida hasta hogar, comunidades, industriales. Contamos con las compa\u00f1\u00edas m\u00e1s presentes en el sector de los seguros con una amplia cobertura de servicios y productos al mejor precio.\" \/>\n<meta property=\"og:url\" content=\"http:\/\/www.giadefin.com\/en\/seguros\/\" \/>\n<meta property=\"og:site_name\" content=\"Giadef\u00edn | Gesti\u00f3n Inmobiliaria y Administraci\u00f3n de Fincas\" \/>\n<meta property=\"article:modified_time\" content=\"2019-03-29T10:35:03+00:00\" \/>\n<meta property=\"og:image\" content=\"http:\/\/www.giadefin.com\/wp-content\/uploads\/2016\/11\/LOGO2017-300x55.png\" \/>\n<meta name=\"twitter:card\" content=\"summary_large_image\" \/>\n<meta name=\"twitter:site\" content=\"@giadefin\" \/>\n<script type=\"application\/ld+json\" class=\"yoast-schema-graph\">{\"@context\":\"https:\/\/schema.org\",\"@graph\":[{\"@type\":\"WebPage\",\"@id\":\"http:\/\/www.giadefin.com\/en\/seguros\/\",\"url\":\"http:\/\/www.giadefin.com\/en\/seguros\/\",\"name\":\"Seguros - Giadef\u00edn | Gesti\u00f3n Inmobiliaria y Administraci\u00f3n de Fincas\",\"isPartOf\":{\"@id\":\"http:\/\/www.giadefin.com\/#website\"},\"datePublished\":\"2016-11-05T12:27:28+00:00\",\"dateModified\":\"2019-03-29T10:35:03+00:00\",\"breadcrumb\":{\"@id\":\"http:\/\/www.giadefin.com\/en\/seguros\/#breadcrumb\"},\"inLanguage\":\"en-US\",\"potentialAction\":[{\"@type\":\"ReadAction\",\"target\":[\"http:\/\/www.giadefin.com\/en\/seguros\/\"]}]},{\"@type\":\"BreadcrumbList\",\"@id\":\"http:\/\/www.giadefin.com\/en\/seguros\/#breadcrumb\",\"itemListElement\":[{\"@type\":\"ListItem\",\"position\":1,\"name\":\"Portada\",\"item\":\"http:\/\/www.giadefin.com\/\"},{\"@type\":\"ListItem\",\"position\":2,\"name\":\"Seguros\"}]},{\"@type\":\"WebSite\",\"@id\":\"http:\/\/www.giadefin.com\/#website\",\"url\":\"http:\/\/www.giadefin.com\/\",\"name\":\"Giadef\u00edn | Gesti\u00f3n Inmobiliaria y Administraci\u00f3n de Fincas\",\"description\":\"\",\"potentialAction\":[{\"@type\":\"SearchAction\",\"target\":{\"@type\":\"EntryPoint\",\"urlTemplate\":\"http:\/\/www.giadefin.com\/?s={search_term_string}\"},\"query-input\":\"required name=search_term_string\"}],\"inLanguage\":\"en-US\"}]}<\/script>\n<!-- \/ Yoast SEO plugin. -->","yoast_head_json":{"title":"Seguros - Giadef\u00edn | Gesti\u00f3n Inmobiliaria y Administraci\u00f3n de Fincas","robots":{"index":"index","follow":"follow","max-snippet":"max-snippet:-1","max-image-preview":"max-image-preview:large","max-video-preview":"max-video-preview:-1"},"canonical":"http:\/\/www.giadefin.com\/en\/seguros\/","og_locale":"en_US","og_type":"article","og_title":"Seguros - Giadef\u00edn | Gesti\u00f3n Inmobiliaria y Administraci\u00f3n de Fincas","og_description":"En GIADEFIN, le ofrecemos una variedad de coberturas desde salud, ocio, vida hasta hogar, comunidades, industriales. Contamos con las compa\u00f1\u00edas m\u00e1s presentes en el sector de los seguros con una amplia cobertura de servicios y productos al mejor precio.","og_url":"http:\/\/www.giadefin.com\/en\/seguros\/","og_site_name":"Giadef\u00edn | Gesti\u00f3n Inmobiliaria y Administraci\u00f3n de Fincas","article_modified_time":"2019-03-29T10:35:03+00:00","og_image":[{"url":"http:\/\/www.giadefin.com\/wp-content\/uploads\/2016\/11\/LOGO2017-300x55.png"}],"twitter_card":"summary_large_image","twitter_site":"@giadefin","schema":{"@context":"https:\/\/schema.org","@graph":[{"@type":"WebPage","@id":"http:\/\/www.giadefin.com\/en\/seguros\/","url":"http:\/\/www.giadefin.com\/en\/seguros\/","name":"Seguros - Giadef\u00edn | Gesti\u00f3n Inmobiliaria y Administraci\u00f3n de Fincas","isPartOf":{"@id":"http:\/\/www.giadefin.com\/#website"},"datePublished":"2016-11-05T12:27:28+00:00","dateModified":"2019-03-29T10:35:03+00:00","breadcrumb":{"@id":"http:\/\/www.giadefin.com\/en\/seguros\/#breadcrumb"},"inLanguage":"en-US","potentialAction":[{"@type":"ReadAction","target":["http:\/\/www.giadefin.com\/en\/seguros\/"]}]},{"@type":"BreadcrumbList","@id":"http:\/\/www.giadefin.com\/en\/seguros\/#breadcrumb","itemListElement":[{"@type":"ListItem","position":1,"name":"Portada","item":"http:\/\/www.giadefin.com\/"},{"@type":"ListItem","position":2,"name":"Seguros"}]},{"@type":"WebSite","@id":"http:\/\/www.giadefin.com\/#website","url":"http:\/\/www.giadefin.com\/","name":"Giadef\u00edn | Gesti\u00f3n Inmobiliaria y Administraci\u00f3n de Fincas","description":"","potentialAction":[{"@type":"SearchAction","target":{"@type":"EntryPoint","urlTemplate":"http:\/\/www.giadefin.com\/?s={search_term_string}"},"query-input":"required name=search_term_string"}],"inLanguage":"en-US"}]}},"_links":{"self":[{"href":"http:\/\/www.giadefin.com\/en\/wp-json\/wp\/v2\/pages\/65"}],"collection":[{"href":"http:\/\/www.giadefin.com\/en\/wp-json\/wp\/v2\/pages"}],"about":[{"href":"http:\/\/www.giadefin.com\/en\/wp-json\/wp\/v2\/types\/page"}],"author":[{"embeddable":true,"href":"http:\/\/www.giadefin.com\/en\/wp-json\/wp\/v2\/users\/1"}],"replies":[{"embeddable":true,"href":"http:\/\/www.giadefin.com\/en\/wp-json\/wp\/v2\/comments?post=65"}],"version-history":[{"count":11,"href":"http:\/\/www.giadefin.com\/en\/wp-json\/wp\/v2\/pages\/65\/revisions"}],"predecessor-version":[{"id":261,"href":"http:\/\/www.giadefin.com\/en\/wp-json\/wp\/v2\/pages\/65\/revisions\/261"}],"wp:attachment":[{"href":"http:\/\/www.giadefin.com\/en\/wp-json\/wp\/v2\/media?parent=65"}],"curies":[{"name":"wp","href":"https:\/\/api.w.org\/{rel}","templated":true}]}}