{"id":61,"date":"2016-11-05T12:26:07","date_gmt":"2016-11-05T12:26:07","guid":{"rendered":"http:\/\/www.giadefin.com\/web\/?page_id=61"},"modified":"2024-05-13T07:13:31","modified_gmt":"2024-05-13T06:13:31","slug":"inicio","status":"publish","type":"page","link":"http:\/\/www.giadefin.com\/en\/","title":{"rendered":"Home"},"content":{"rendered":"<p><\/p>\n<p style=\"text-align: justify;\"><strong><img decoding=\"async\" loading=\"lazy\" class=\"alignleft size-medium wp-image-215\" src=\"http:\/\/www.giadefin.com\/wp-content\/uploads\/2016\/11\/LOGO2017-300x55.png\" alt=\"logo2017\" width=\"300\" height=\"55\" srcset=\"http:\/\/www.giadefin.com\/wp-content\/uploads\/2016\/11\/LOGO2017-300x55.png 300w, http:\/\/www.giadefin.com\/wp-content\/uploads\/2016\/11\/LOGO2017-768x140.png 768w, http:\/\/www.giadefin.com\/wp-content\/uploads\/2016\/11\/LOGO2017-1024x187.png 1024w\" sizes=\"(max-width: 300px) 100vw, 300px\" \/><span style=\"color: #333333;\">GIADEFIN<\/span><span style=\"color: #333333;\">, <\/span><\/strong><span style=\"color: #333333;\">ha venido realizando su actividad durante m\u00e1s de 20\u00a0a\u00f1os, siempre con el objetivo de prestar servicios de alta calidad en el sector Inmobiliario y la Administraci\u00f3n de Fincas.<\/span><strong><br \/>\n<\/strong><\/p>\n<p style=\"text-align: justify;\">\n<p style=\"text-align: justify; font-size: 14px;\"><span style=\"color: #000000;\">\u00a0<\/span><\/p>\n<p><\/p>","protected":false},"excerpt":{"rendered":"<p>GIADEFIN, ha venido realizando su actividad durante m\u00e1s de 20\u00a0a\u00f1os, siempre con el objetivo de prestar servicios de alta calidad en el sector Inmobiliario y la Administraci\u00f3n de Fincas. \u00a0<\/p>\n","protected":false},"author":1,"featured_media":0,"parent":0,"menu_order":0,"comment_status":"closed","ping_status":"closed","template":"","meta":{"_mi_skip_tracking":false},"yoast_head":"<!-- This site is optimized with the Yoast SEO plugin v20.2.1 - https:\/\/yoast.com\/wordpress\/plugins\/seo\/ -->\n<title>Home - Giadef\u00edn | Gesti\u00f3n Inmobiliaria y Administraci\u00f3n de Fincas<\/title>\n<meta name=\"robots\" content=\"index, follow, max-snippet:-1, max-image-preview:large, max-video-preview:-1\" \/>\n<link rel=\"canonical\" href=\"http:\/\/www.giadefin.com\/\" \/>\n<meta property=\"og:locale\" content=\"en_US\" \/>\n<meta property=\"og:type\" content=\"article\" \/>\n<meta property=\"og:title\" content=\"[:es]Inicio[:en]Home[:] - Giadef\u00edn | Gesti\u00f3n Inmobiliaria y Administraci\u00f3n de Fincas\" \/>\n<meta property=\"og:description\" content=\"GIADEFIN, ha venido realizando su actividad durante m\u00e1s de 20\u00a0a\u00f1os, siempre con el objetivo de prestar servicios de alta calidad en el sector Inmobiliario y la Administraci\u00f3n de Fincas. \u00a0\" \/>\n<meta property=\"og:url\" content=\"http:\/\/www.giadefin.com\/\" \/>\n<meta property=\"og:site_name\" content=\"Giadef\u00edn | Gesti\u00f3n Inmobiliaria y Administraci\u00f3n de Fincas\" \/>\n<meta property=\"article:modified_time\" content=\"2024-05-13T06:13:31+00:00\" \/>\n<meta property=\"og:image\" content=\"http:\/\/www.giadefin.com\/wp-content\/uploads\/2016\/11\/LOGO2017-300x55.png\" \/>\n<meta name=\"twitter:card\" content=\"summary_large_image\" \/>\n<meta name=\"twitter:site\" content=\"@giadefin\" \/>\n<meta name=\"twitter:label1\" content=\"Est. reading time\" \/>\n\t<meta name=\"twitter:data1\" content=\"1 minute\" \/>\n<script type=\"application\/ld+json\" class=\"yoast-schema-graph\">{\"@context\":\"https:\/\/schema.org\",\"@graph\":[{\"@type\":\"WebPage\",\"@id\":\"http:\/\/www.giadefin.com\/\",\"url\":\"http:\/\/www.giadefin.com\/\",\"name\":\"[:es]Inicio[:en]Home[:] - Giadef\u00edn | Gesti\u00f3n Inmobiliaria y Administraci\u00f3n de Fincas\",\"isPartOf\":{\"@id\":\"http:\/\/www.giadefin.com\/#website\"},\"datePublished\":\"2016-11-05T12:26:07+00:00\",\"dateModified\":\"2024-05-13T06:13:31+00:00\",\"breadcrumb\":{\"@id\":\"http:\/\/www.giadefin.com\/#breadcrumb\"},\"inLanguage\":\"en-US\",\"potentialAction\":[{\"@type\":\"ReadAction\",\"target\":[\"http:\/\/www.giadefin.com\/\"]}]},{\"@type\":\"BreadcrumbList\",\"@id\":\"http:\/\/www.giadefin.com\/#breadcrumb\",\"itemListElement\":[{\"@type\":\"ListItem\",\"position\":1,\"name\":\"Portada\",\"item\":\"http:\/\/www.giadefin.com\/\"},{\"@type\":\"ListItem\",\"position\":2,\"name\":\"Inicio\"}]},{\"@type\":\"WebSite\",\"@id\":\"http:\/\/www.giadefin.com\/#website\",\"url\":\"http:\/\/www.giadefin.com\/\",\"name\":\"Giadef\u00edn | Gesti\u00f3n Inmobiliaria y Administraci\u00f3n de Fincas\",\"description\":\"\",\"potentialAction\":[{\"@type\":\"SearchAction\",\"target\":{\"@type\":\"EntryPoint\",\"urlTemplate\":\"http:\/\/www.giadefin.com\/?s={search_term_string}\"},\"query-input\":\"required name=search_term_string\"}],\"inLanguage\":\"en-US\"},{\"@type\":\"Person\",\"@id\":\"http:\/\/www.giadefin.com\/#\/schema\/person\/56f6a8c7589a726a59a3ed02e177b8c6\",\"name\":\"Fran\",\"image\":{\"@type\":\"ImageObject\",\"inLanguage\":\"en-US\",\"@id\":\"http:\/\/www.giadefin.com\/#\/schema\/person\/image\/\",\"url\":\"http:\/\/2.gravatar.com\/avatar\/55edbaa5484fbba4d983f25a7afc2b17?s=96&d=mm&r=g\",\"contentUrl\":\"http:\/\/2.gravatar.com\/avatar\/55edbaa5484fbba4d983f25a7afc2b17?s=96&d=mm&r=g\",\"caption\":\"Fran\"},\"url\":\"http:\/\/www.giadefin.com\/en\/author\/fran\/\"}]}<\/script>\n<!-- \/ Yoast SEO plugin. -->","yoast_head_json":{"title":"[:es]Inicio[:en]Home[:] - Giadef\u00edn | Gesti\u00f3n Inmobiliaria y Administraci\u00f3n de Fincas","robots":{"index":"index","follow":"follow","max-snippet":"max-snippet:-1","max-image-preview":"max-image-preview:large","max-video-preview":"max-video-preview:-1"},"canonical":"http:\/\/www.giadefin.com\/","og_locale":"en_US","og_type":"article","og_title":"[:es]Inicio[:en]Home[:] - Giadef\u00edn | Gesti\u00f3n Inmobiliaria y Administraci\u00f3n de Fincas","og_description":"GIADEFIN, ha venido realizando su actividad durante m\u00e1s de 20\u00a0a\u00f1os, siempre con el objetivo de prestar servicios de alta calidad en el sector Inmobiliario y la Administraci\u00f3n de Fincas. \u00a0","og_url":"http:\/\/www.giadefin.com\/","og_site_name":"Giadef\u00edn | Gesti\u00f3n Inmobiliaria y Administraci\u00f3n de Fincas","article_modified_time":"2024-05-13T06:13:31+00:00","og_image":[{"url":"http:\/\/www.giadefin.com\/wp-content\/uploads\/2016\/11\/LOGO2017-300x55.png"}],"twitter_card":"summary_large_image","twitter_site":"@giadefin","twitter_misc":{"Est. reading time":"1 minute"},"schema":{"@context":"https:\/\/schema.org","@graph":[{"@type":"WebPage","@id":"http:\/\/www.giadefin.com\/","url":"http:\/\/www.giadefin.com\/","name":"[:es]Inicio[:en]Home[:] - Giadef\u00edn | Gesti\u00f3n Inmobiliaria y Administraci\u00f3n de Fincas","isPartOf":{"@id":"http:\/\/www.giadefin.com\/#website"},"datePublished":"2016-11-05T12:26:07+00:00","dateModified":"2024-05-13T06:13:31+00:00","breadcrumb":{"@id":"http:\/\/www.giadefin.com\/#breadcrumb"},"inLanguage":"en-US","potentialAction":[{"@type":"ReadAction","target":["http:\/\/www.giadefin.com\/"]}]},{"@type":"BreadcrumbList","@id":"http:\/\/www.giadefin.com\/#breadcrumb","itemListElement":[{"@type":"ListItem","position":1,"name":"Portada","item":"http:\/\/www.giadefin.com\/"},{"@type":"ListItem","position":2,"name":"Inicio"}]},{"@type":"WebSite","@id":"http:\/\/www.giadefin.com\/#website","url":"http:\/\/www.giadefin.com\/","name":"Giadef\u00edn | Gesti\u00f3n Inmobiliaria y Administraci\u00f3n de Fincas","description":"","potentialAction":[{"@type":"SearchAction","target":{"@type":"EntryPoint","urlTemplate":"http:\/\/www.giadefin.com\/?s={search_term_string}"},"query-input":"required name=search_term_string"}],"inLanguage":"en-US"},{"@type":"Person","@id":"http:\/\/www.giadefin.com\/#\/schema\/person\/56f6a8c7589a726a59a3ed02e177b8c6","name":"Fran","image":{"@type":"ImageObject","inLanguage":"en-US","@id":"http:\/\/www.giadefin.com\/#\/schema\/person\/image\/","url":"http:\/\/2.gravatar.com\/avatar\/55edbaa5484fbba4d983f25a7afc2b17?s=96&d=mm&r=g","contentUrl":"http:\/\/2.gravatar.com\/avatar\/55edbaa5484fbba4d983f25a7afc2b17?s=96&d=mm&r=g","caption":"Fran"},"url":"http:\/\/www.giadefin.com\/en\/author\/fran\/"}]}},"_links":{"self":[{"href":"http:\/\/www.giadefin.com\/en\/wp-json\/wp\/v2\/pages\/61"}],"collection":[{"href":"http:\/\/www.giadefin.com\/en\/wp-json\/wp\/v2\/pages"}],"about":[{"href":"http:\/\/www.giadefin.com\/en\/wp-json\/wp\/v2\/types\/page"}],"author":[{"embeddable":true,"href":"http:\/\/www.giadefin.com\/en\/wp-json\/wp\/v2\/users\/1"}],"replies":[{"embeddable":true,"href":"http:\/\/www.giadefin.com\/en\/wp-json\/wp\/v2\/comments?post=61"}],"version-history":[{"count":45,"href":"http:\/\/www.giadefin.com\/en\/wp-json\/wp\/v2\/pages\/61\/revisions"}],"predecessor-version":[{"id":338,"href":"http:\/\/www.giadefin.com\/en\/wp-json\/wp\/v2\/pages\/61\/revisions\/338"}],"wp:attachment":[{"href":"http:\/\/www.giadefin.com\/en\/wp-json\/wp\/v2\/media?parent=61"}],"curies":[{"name":"wp","href":"https:\/\/api.w.org\/{rel}","templated":true}]}}