{"id":205,"date":"2016-12-22T12:57:01","date_gmt":"2016-12-22T11:57:01","guid":{"rendered":"http:\/\/www.giadefin.com\/web\/?page_id=205"},"modified":"2023-03-08T12:44:55","modified_gmt":"2023-03-08T11:44:55","slug":"aviso-legal","status":"publish","type":"page","link":"http:\/\/www.giadefin.com\/en\/aviso-legal\/","title":{"rendered":"Aviso Legal"},"content":{"rendered":"<p><strong><u>Informaci\u00f3n General<\/u><\/strong><\/p>\n<p style=\"text-align: justify;\">En cumplimiento del art\u00edculo 10 de la Ley 34\/2002, del 11 de julio, de servicios de la Sociedad de la Informaci\u00f3n y Comercio Electr\u00f3nico (LSSICE) se exponen a continuaci\u00f3n los datos identificativos de la empresa.<\/p>\n<p style=\"text-align: justify;\">Denominaci\u00f3n Comercial:\u00a0<em>GIADEFIN, Gesti\u00f3n Inmobiliaria y Adm. de Fincas<\/em><\/p>\n<p style=\"text-align: justify;\">Correo electr\u00f3nico:<em>\u00a0info@giadefin.com<\/em><\/p>\n<p style=\"text-align: justify;\">Tel\u00e9fono:\u00a0<em>952499034<\/em><\/p>\n<p style=\"text-align: justify;\">La p\u00e1gina web de<strong>\u00a0GIADEFIN\u00a0<\/strong>tiene por objeto facilitar al p\u00fablico en general, las actividades que realiza y los servicios que presta.<\/p>\n<p style=\"text-align: justify;\"><strong>GIADEFIN\u00a0<\/strong>se reserva la facultad de efectuar, en cualquier momento y sin previo aviso, modificaciones de la informaci\u00f3n contenida en su p\u00e1gina web o en la configuraci\u00f3n y presentaci\u00f3n de esta.<\/p>\n<p style=\"text-align: justify;\">Al acceder a esta Web se acepta que\u00a0<strong>GIADEFIN<\/strong>\u00a0no ser\u00e1 responsable de consecuencia alguna, da\u00f1o o perjuicio que se deriven de dicho acceso o uso de la informaci\u00f3n de dicha Web o por el acceso a otras materias en Internet a trav\u00e9s de las conexiones con esta p\u00e1gina web.<\/p>\n<p style=\"text-align: justify;\">El Copyright del material contenido en esta Web es propiedad de\u00a0<strong>GIADEFIN<\/strong>. El acceso a \u00e9l no implica licencia para su reproducci\u00f3n y\/o distribuci\u00f3n y no est\u00e1 permitido hacerlo sin el previo consentimiento de\u00a0<strong>GIADEFIN<\/strong>.<\/p>\n<p style=\"text-align: justify;\">Las eventuales referencias que se hagan en el sitio Web de\u00a0<strong>GIADEFIN\u00a0<\/strong>a cualquier producto, servicio, proceso, enlace, hipertexto o cualquier informaci\u00f3n utilizando la marca, el nombre comercial o el fabricante o suministrador, etc. que sean titularidad de terceros no constituye o implica respaldo, patrocinio o recomendaci\u00f3n por parte de\u00a0<strong>GIADEFIN.<\/strong><\/p>\n<p style=\"text-align: justify;\"><strong><u>Politica de privacidad<\/u><\/strong><\/p>\n<p style=\"text-align: justify;\">Los datos facilitados por los interesados al cumplimentar los formularios contenidos en esta p\u00e1gina web ser\u00e1n incluidos en un fichero, debidamente inscrito en el Registro de Protecci\u00f3n de Datos de Car\u00e1cter personal. El responsable del fichero es\u00a0<strong>FJPB<\/strong>, con quien se podr\u00e1 contactar a trav\u00e9s de la web. El responsable del fichero y el encargado del tratamiento han elaborado su propia normativa de seguridad de conformidad con lo establecido en el Reglamento de medidas de seguridad de los ficheros automatizados y velar\u00e1n por el mantenimiento del deber de secreto.<\/p>\n<p style=\"text-align: justify;\">Los datos de los interesados se recogen al objeto de utilizarlos para cuantas gestiones se deriven directa o indirectamente de la relaci\u00f3n comercial que le une con\u00a0<strong>GIADEFIN<\/strong>, y con la finalidad de que pueda recibir informaci\u00f3n publicitaria o comercial sobre las actividades, productos, servicios, ofertas o promociones especiales de GIADEFIN. Los interesados, con pleno conocimiento de la existencia del fichero y de la finalidad de la recogida, consiente el tratamiento de sus datos.<\/p>\n<p style=\"text-align: justify;\">En virtud de lo dispuesto en la Ley, Ley Org\u00e1nica 15\/1999, de 13 de diciembre, de Protecci\u00f3n de Datos Personales, al interesado le asisten los derechos de acceso, cancelaci\u00f3n y rectificaci\u00f3n de sus datos.<\/p>\n<p style=\"text-align: justify;\">El interesado podr\u00e1 ejercitar el derecho de acceso mediante esta web,\u00a0<strong>GIADEFIN<\/strong>\u00a0responder\u00e1 a la petici\u00f3n de acceso por correo electr\u00f3nico y en el plazo de un mes, a contar desde la fecha de realizaci\u00f3n de la consulta.<\/p>\n<p style=\"text-align: justify;\">El interesado podr\u00e1 ejercitar el derecho de rectificaci\u00f3n de datos mediante el env\u00edo de este formulario, o al domicilio social de\u00a0<strong>GIADEFIN<\/strong>, indicando el dato que es err\u00f3neo y la correcci\u00f3n que se solicita. La citada correcci\u00f3n deber\u00e1 ir acompa\u00f1ada de la documentaci\u00f3n justificativa de la rectificaci\u00f3n solicitada.\u00a0<strong>GIADEFIN<\/strong>\u00a0atender\u00e1 la solicitud del interesado en un plazo de cinco d\u00edas, a contar desde la recepci\u00f3n de la misma, notificando al interesado, por correo electr\u00f3nico, que ha realizado la rectificaci\u00f3n.<\/p>\n<p style=\"text-align: justify;\">El interesado podr\u00e1 ejercitar el derecho de cancelaci\u00f3n de sus datos mediante el env\u00edo de este formulario, o al domicilio social de\u00a0<strong>GIADEFIN<\/strong>, que atender\u00e1 la solicitud del interesado en un plazo de cinco d\u00edas, a contar desde la recepci\u00f3n de la misma, notific\u00e1ndole que ha cancelado sus datos o las razones que le asisten para no proceder a dicha cancelaci\u00f3n.<\/p>\n","protected":false},"excerpt":{"rendered":"<p>Informaci\u00f3n General En cumplimiento del art\u00edculo 10 de la Ley 34\/2002, del 11 de julio, de servicios de la Sociedad de la Informaci\u00f3n y Comercio Electr\u00f3nico (LSSICE) se exponen a continuaci\u00f3n los datos identificativos de la empresa. Denominaci\u00f3n Comercial:\u00a0GIADEFIN, Gesti\u00f3n Inmobiliaria y Adm. de Fincas Correo electr\u00f3nico:\u00a0info@giadefin.com Tel\u00e9fono:\u00a0952499034 La p\u00e1gina web de\u00a0GIADEFIN\u00a0tiene por objeto facilitar&hellip;<\/p>\n","protected":false},"author":1,"featured_media":0,"parent":0,"menu_order":0,"comment_status":"closed","ping_status":"closed","template":"","meta":{"_mi_skip_tracking":false},"yoast_head":"<!-- This site is optimized with the Yoast SEO plugin v20.2.1 - https:\/\/yoast.com\/wordpress\/plugins\/seo\/ -->\n<title>Aviso Legal - Giadef\u00edn | Gesti\u00f3n Inmobiliaria y Administraci\u00f3n de Fincas<\/title>\n<meta name=\"robots\" content=\"index, follow, max-snippet:-1, max-image-preview:large, max-video-preview:-1\" \/>\n<link rel=\"canonical\" href=\"http:\/\/www.giadefin.com\/en\/aviso-legal\/\" \/>\n<meta property=\"og:locale\" content=\"en_US\" \/>\n<meta property=\"og:type\" content=\"article\" \/>\n<meta property=\"og:title\" content=\"Aviso Legal - Giadef\u00edn | Gesti\u00f3n Inmobiliaria y Administraci\u00f3n de Fincas\" \/>\n<meta property=\"og:description\" content=\"Informaci\u00f3n General En cumplimiento del art\u00edculo 10 de la Ley 34\/2002, del 11 de julio, de servicios de la Sociedad de la Informaci\u00f3n y Comercio Electr\u00f3nico (LSSICE) se exponen a continuaci\u00f3n los datos identificativos de la empresa. Denominaci\u00f3n Comercial:\u00a0GIADEFIN, Gesti\u00f3n Inmobiliaria y Adm. de Fincas Correo electr\u00f3nico:\u00a0info@giadefin.com Tel\u00e9fono:\u00a0952499034 La p\u00e1gina web de\u00a0GIADEFIN\u00a0tiene por objeto facilitar&hellip;\" \/>\n<meta property=\"og:url\" content=\"http:\/\/www.giadefin.com\/en\/aviso-legal\/\" \/>\n<meta property=\"og:site_name\" content=\"Giadef\u00edn | Gesti\u00f3n Inmobiliaria y Administraci\u00f3n de Fincas\" \/>\n<meta property=\"article:modified_time\" content=\"2023-03-08T11:44:55+00:00\" \/>\n<meta name=\"twitter:card\" content=\"summary_large_image\" \/>\n<meta name=\"twitter:site\" content=\"@giadefin\" \/>\n<meta name=\"twitter:label1\" content=\"Est. reading time\" \/>\n\t<meta name=\"twitter:data1\" content=\"3 minutes\" \/>\n<script type=\"application\/ld+json\" class=\"yoast-schema-graph\">{\"@context\":\"https:\/\/schema.org\",\"@graph\":[{\"@type\":\"WebPage\",\"@id\":\"http:\/\/www.giadefin.com\/en\/aviso-legal\/\",\"url\":\"http:\/\/www.giadefin.com\/en\/aviso-legal\/\",\"name\":\"Aviso Legal - Giadef\u00edn | Gesti\u00f3n Inmobiliaria y Administraci\u00f3n de Fincas\",\"isPartOf\":{\"@id\":\"http:\/\/www.giadefin.com\/#website\"},\"datePublished\":\"2016-12-22T11:57:01+00:00\",\"dateModified\":\"2023-03-08T11:44:55+00:00\",\"breadcrumb\":{\"@id\":\"http:\/\/www.giadefin.com\/en\/aviso-legal\/#breadcrumb\"},\"inLanguage\":\"en-US\",\"potentialAction\":[{\"@type\":\"ReadAction\",\"target\":[\"http:\/\/www.giadefin.com\/en\/aviso-legal\/\"]}]},{\"@type\":\"BreadcrumbList\",\"@id\":\"http:\/\/www.giadefin.com\/en\/aviso-legal\/#breadcrumb\",\"itemListElement\":[{\"@type\":\"ListItem\",\"position\":1,\"name\":\"Portada\",\"item\":\"http:\/\/www.giadefin.com\/\"},{\"@type\":\"ListItem\",\"position\":2,\"name\":\"Aviso Legal\"}]},{\"@type\":\"WebSite\",\"@id\":\"http:\/\/www.giadefin.com\/#website\",\"url\":\"http:\/\/www.giadefin.com\/\",\"name\":\"Giadef\u00edn | Gesti\u00f3n Inmobiliaria y Administraci\u00f3n de Fincas\",\"description\":\"\",\"potentialAction\":[{\"@type\":\"SearchAction\",\"target\":{\"@type\":\"EntryPoint\",\"urlTemplate\":\"http:\/\/www.giadefin.com\/?s={search_term_string}\"},\"query-input\":\"required name=search_term_string\"}],\"inLanguage\":\"en-US\"}]}<\/script>\n<!-- \/ Yoast SEO plugin. -->","yoast_head_json":{"title":"Aviso Legal - Giadef\u00edn | Gesti\u00f3n Inmobiliaria y Administraci\u00f3n de Fincas","robots":{"index":"index","follow":"follow","max-snippet":"max-snippet:-1","max-image-preview":"max-image-preview:large","max-video-preview":"max-video-preview:-1"},"canonical":"http:\/\/www.giadefin.com\/en\/aviso-legal\/","og_locale":"en_US","og_type":"article","og_title":"Aviso Legal - Giadef\u00edn | Gesti\u00f3n Inmobiliaria y Administraci\u00f3n de Fincas","og_description":"Informaci\u00f3n General En cumplimiento del art\u00edculo 10 de la Ley 34\/2002, del 11 de julio, de servicios de la Sociedad de la Informaci\u00f3n y Comercio Electr\u00f3nico (LSSICE) se exponen a continuaci\u00f3n los datos identificativos de la empresa. Denominaci\u00f3n Comercial:\u00a0GIADEFIN, Gesti\u00f3n Inmobiliaria y Adm. de Fincas Correo electr\u00f3nico:\u00a0info@giadefin.com Tel\u00e9fono:\u00a0952499034 La p\u00e1gina web de\u00a0GIADEFIN\u00a0tiene por objeto facilitar&hellip;","og_url":"http:\/\/www.giadefin.com\/en\/aviso-legal\/","og_site_name":"Giadef\u00edn | Gesti\u00f3n Inmobiliaria y Administraci\u00f3n de Fincas","article_modified_time":"2023-03-08T11:44:55+00:00","twitter_card":"summary_large_image","twitter_site":"@giadefin","twitter_misc":{"Est. reading time":"3 minutes"},"schema":{"@context":"https:\/\/schema.org","@graph":[{"@type":"WebPage","@id":"http:\/\/www.giadefin.com\/en\/aviso-legal\/","url":"http:\/\/www.giadefin.com\/en\/aviso-legal\/","name":"Aviso Legal - Giadef\u00edn | Gesti\u00f3n Inmobiliaria y Administraci\u00f3n de Fincas","isPartOf":{"@id":"http:\/\/www.giadefin.com\/#website"},"datePublished":"2016-12-22T11:57:01+00:00","dateModified":"2023-03-08T11:44:55+00:00","breadcrumb":{"@id":"http:\/\/www.giadefin.com\/en\/aviso-legal\/#breadcrumb"},"inLanguage":"en-US","potentialAction":[{"@type":"ReadAction","target":["http:\/\/www.giadefin.com\/en\/aviso-legal\/"]}]},{"@type":"BreadcrumbList","@id":"http:\/\/www.giadefin.com\/en\/aviso-legal\/#breadcrumb","itemListElement":[{"@type":"ListItem","position":1,"name":"Portada","item":"http:\/\/www.giadefin.com\/"},{"@type":"ListItem","position":2,"name":"Aviso Legal"}]},{"@type":"WebSite","@id":"http:\/\/www.giadefin.com\/#website","url":"http:\/\/www.giadefin.com\/","name":"Giadef\u00edn | Gesti\u00f3n Inmobiliaria y Administraci\u00f3n de Fincas","description":"","potentialAction":[{"@type":"SearchAction","target":{"@type":"EntryPoint","urlTemplate":"http:\/\/www.giadefin.com\/?s={search_term_string}"},"query-input":"required name=search_term_string"}],"inLanguage":"en-US"}]}},"_links":{"self":[{"href":"http:\/\/www.giadefin.com\/en\/wp-json\/wp\/v2\/pages\/205"}],"collection":[{"href":"http:\/\/www.giadefin.com\/en\/wp-json\/wp\/v2\/pages"}],"about":[{"href":"http:\/\/www.giadefin.com\/en\/wp-json\/wp\/v2\/types\/page"}],"author":[{"embeddable":true,"href":"http:\/\/www.giadefin.com\/en\/wp-json\/wp\/v2\/users\/1"}],"replies":[{"embeddable":true,"href":"http:\/\/www.giadefin.com\/en\/wp-json\/wp\/v2\/comments?post=205"}],"version-history":[{"count":4,"href":"http:\/\/www.giadefin.com\/en\/wp-json\/wp\/v2\/pages\/205\/revisions"}],"predecessor-version":[{"id":298,"href":"http:\/\/www.giadefin.com\/en\/wp-json\/wp\/v2\/pages\/205\/revisions\/298"}],"wp:attachment":[{"href":"http:\/\/www.giadefin.com\/en\/wp-json\/wp\/v2\/media?parent=205"}],"curies":[{"name":"wp","href":"https:\/\/api.w.org\/{rel}","templated":true}]}}