{"id":19,"date":"2016-08-26T18:59:19","date_gmt":"2016-08-26T18:59:19","guid":{"rendered":"http:\/\/www.giadefin.com\/web\/?page_id=19"},"modified":"2016-11-20T12:32:16","modified_gmt":"2016-11-20T12:32:16","slug":"garantias","status":"publish","type":"page","link":"http:\/\/www.giadefin.com\/en\/garantias\/","title":{"rendered":"Garantias"},"content":{"rendered":"","protected":false},"excerpt":{"rendered":"","protected":false},"author":1,"featured_media":0,"parent":0,"menu_order":0,"comment_status":"closed","ping_status":"closed","template":"","meta":{"_mi_skip_tracking":false},"yoast_head":"<!-- This site is optimized with the Yoast SEO plugin v20.2.1 - https:\/\/yoast.com\/wordpress\/plugins\/seo\/ -->\n<title>Garantias - Giadef\u00edn | Gesti\u00f3n Inmobiliaria y Administraci\u00f3n de Fincas<\/title>\n<meta name=\"robots\" content=\"index, follow, max-snippet:-1, max-image-preview:large, max-video-preview:-1\" \/>\n<link rel=\"canonical\" href=\"http:\/\/www.giadefin.com\/en\/garantias\/\" \/>\n<meta property=\"og:locale\" content=\"en_US\" \/>\n<meta property=\"og:type\" content=\"article\" \/>\n<meta property=\"og:title\" content=\"Garantias - Giadef\u00edn | Gesti\u00f3n Inmobiliaria y Administraci\u00f3n de Fincas\" \/>\n<meta property=\"og:url\" content=\"http:\/\/www.giadefin.com\/en\/garantias\/\" \/>\n<meta property=\"og:site_name\" content=\"Giadef\u00edn | Gesti\u00f3n Inmobiliaria y Administraci\u00f3n de Fincas\" \/>\n<meta property=\"article:modified_time\" content=\"2016-11-20T12:32:16+00:00\" \/>\n<meta name=\"twitter:card\" content=\"summary_large_image\" \/>\n<meta name=\"twitter:site\" content=\"@giadefin\" \/>\n<script type=\"application\/ld+json\" class=\"yoast-schema-graph\">{\"@context\":\"https:\/\/schema.org\",\"@graph\":[{\"@type\":\"WebPage\",\"@id\":\"http:\/\/www.giadefin.com\/en\/garantias\/\",\"url\":\"http:\/\/www.giadefin.com\/en\/garantias\/\",\"name\":\"Garantias - Giadef\u00edn | Gesti\u00f3n Inmobiliaria y Administraci\u00f3n de Fincas\",\"isPartOf\":{\"@id\":\"http:\/\/www.giadefin.com\/#website\"},\"datePublished\":\"2016-08-26T18:59:19+00:00\",\"dateModified\":\"2016-11-20T12:32:16+00:00\",\"breadcrumb\":{\"@id\":\"http:\/\/www.giadefin.com\/en\/garantias\/#breadcrumb\"},\"inLanguage\":\"en-US\",\"potentialAction\":[{\"@type\":\"ReadAction\",\"target\":[\"http:\/\/www.giadefin.com\/en\/garantias\/\"]}]},{\"@type\":\"BreadcrumbList\",\"@id\":\"http:\/\/www.giadefin.com\/en\/garantias\/#breadcrumb\",\"itemListElement\":[{\"@type\":\"ListItem\",\"position\":1,\"name\":\"Portada\",\"item\":\"http:\/\/www.giadefin.com\/\"},{\"@type\":\"ListItem\",\"position\":2,\"name\":\"Garantias\"}]},{\"@type\":\"WebSite\",\"@id\":\"http:\/\/www.giadefin.com\/#website\",\"url\":\"http:\/\/www.giadefin.com\/\",\"name\":\"Giadef\u00edn | Gesti\u00f3n Inmobiliaria y Administraci\u00f3n de Fincas\",\"description\":\"\",\"potentialAction\":[{\"@type\":\"SearchAction\",\"target\":{\"@type\":\"EntryPoint\",\"urlTemplate\":\"http:\/\/www.giadefin.com\/?s={search_term_string}\"},\"query-input\":\"required name=search_term_string\"}],\"inLanguage\":\"en-US\"}]}<\/script>\n<!-- \/ Yoast SEO plugin. -->","yoast_head_json":{"title":"Garantias - Giadef\u00edn | Gesti\u00f3n Inmobiliaria y Administraci\u00f3n de Fincas","robots":{"index":"index","follow":"follow","max-snippet":"max-snippet:-1","max-image-preview":"max-image-preview:large","max-video-preview":"max-video-preview:-1"},"canonical":"http:\/\/www.giadefin.com\/en\/garantias\/","og_locale":"en_US","og_type":"article","og_title":"Garantias - Giadef\u00edn | Gesti\u00f3n Inmobiliaria y Administraci\u00f3n de Fincas","og_url":"http:\/\/www.giadefin.com\/en\/garantias\/","og_site_name":"Giadef\u00edn | Gesti\u00f3n Inmobiliaria y Administraci\u00f3n de Fincas","article_modified_time":"2016-11-20T12:32:16+00:00","twitter_card":"summary_large_image","twitter_site":"@giadefin","schema":{"@context":"https:\/\/schema.org","@graph":[{"@type":"WebPage","@id":"http:\/\/www.giadefin.com\/en\/garantias\/","url":"http:\/\/www.giadefin.com\/en\/garantias\/","name":"Garantias - Giadef\u00edn | Gesti\u00f3n Inmobiliaria y Administraci\u00f3n de Fincas","isPartOf":{"@id":"http:\/\/www.giadefin.com\/#website"},"datePublished":"2016-08-26T18:59:19+00:00","dateModified":"2016-11-20T12:32:16+00:00","breadcrumb":{"@id":"http:\/\/www.giadefin.com\/en\/garantias\/#breadcrumb"},"inLanguage":"en-US","potentialAction":[{"@type":"ReadAction","target":["http:\/\/www.giadefin.com\/en\/garantias\/"]}]},{"@type":"BreadcrumbList","@id":"http:\/\/www.giadefin.com\/en\/garantias\/#breadcrumb","itemListElement":[{"@type":"ListItem","position":1,"name":"Portada","item":"http:\/\/www.giadefin.com\/"},{"@type":"ListItem","position":2,"name":"Garantias"}]},{"@type":"WebSite","@id":"http:\/\/www.giadefin.com\/#website","url":"http:\/\/www.giadefin.com\/","name":"Giadef\u00edn | Gesti\u00f3n Inmobiliaria y Administraci\u00f3n de Fincas","description":"","potentialAction":[{"@type":"SearchAction","target":{"@type":"EntryPoint","urlTemplate":"http:\/\/www.giadefin.com\/?s={search_term_string}"},"query-input":"required name=search_term_string"}],"inLanguage":"en-US"}]}},"_links":{"self":[{"href":"http:\/\/www.giadefin.com\/en\/wp-json\/wp\/v2\/pages\/19"}],"collection":[{"href":"http:\/\/www.giadefin.com\/en\/wp-json\/wp\/v2\/pages"}],"about":[{"href":"http:\/\/www.giadefin.com\/en\/wp-json\/wp\/v2\/types\/page"}],"author":[{"embeddable":true,"href":"http:\/\/www.giadefin.com\/en\/wp-json\/wp\/v2\/users\/1"}],"replies":[{"embeddable":true,"href":"http:\/\/www.giadefin.com\/en\/wp-json\/wp\/v2\/comments?post=19"}],"version-history":[{"count":3,"href":"http:\/\/www.giadefin.com\/en\/wp-json\/wp\/v2\/pages\/19\/revisions"}],"predecessor-version":[{"id":121,"href":"http:\/\/www.giadefin.com\/en\/wp-json\/wp\/v2\/pages\/19\/revisions\/121"}],"wp:attachment":[{"href":"http:\/\/www.giadefin.com\/en\/wp-json\/wp\/v2\/media?parent=19"}],"curies":[{"name":"wp","href":"https:\/\/api.w.org\/{rel}","templated":true}]}}