{"id":17,"date":"2016-08-26T18:59:03","date_gmt":"2016-08-26T18:59:03","guid":{"rendered":"http:\/\/www.giadefin.com\/web\/?page_id=17"},"modified":"2019-04-08T20:13:02","modified_gmt":"2019-04-08T19:13:02","slug":"gestion-inmobiliaria","status":"publish","type":"page","link":"http:\/\/www.giadefin.com\/en\/gestion-inmobiliaria\/","title":{"rendered":"Inmuebles"},"content":{"rendered":"<p><div class=\"row\"><div class=\"col-md-10\">TEXT<\/div><div class=\"col-md-2\">TEXT<\/div><\/div><br \/>\n<h3 class=\"epl-shortcode-listing-open epl-alert\">Nothing currently scheduled for inspection, please check back later.<\/h3><\/p>","protected":false},"excerpt":{"rendered":"","protected":false},"author":1,"featured_media":0,"parent":0,"menu_order":0,"comment_status":"closed","ping_status":"closed","template":"","meta":{"_mi_skip_tracking":false},"yoast_head":"<!-- This site is optimized with the Yoast SEO plugin v20.2.1 - https:\/\/yoast.com\/wordpress\/plugins\/seo\/ -->\n<title>Inmuebles - Giadef\u00edn | Gesti\u00f3n Inmobiliaria y Administraci\u00f3n de Fincas<\/title>\n<meta name=\"robots\" content=\"index, follow, max-snippet:-1, max-image-preview:large, max-video-preview:-1\" \/>\n<link rel=\"canonical\" href=\"http:\/\/www.giadefin.com\/en\/gestion-inmobiliaria\/\" \/>\n<meta property=\"og:locale\" content=\"en_US\" \/>\n<meta property=\"og:type\" content=\"article\" \/>\n<meta property=\"og:title\" content=\"Inmuebles - Giadef\u00edn | Gesti\u00f3n Inmobiliaria y Administraci\u00f3n de Fincas\" \/>\n<meta property=\"og:url\" content=\"http:\/\/www.giadefin.com\/en\/gestion-inmobiliaria\/\" \/>\n<meta property=\"og:site_name\" content=\"Giadef\u00edn | Gesti\u00f3n Inmobiliaria y Administraci\u00f3n de Fincas\" \/>\n<meta property=\"article:modified_time\" content=\"2019-04-08T19:13:02+00:00\" \/>\n<meta property=\"og:image\" content=\"http:\/\/www.giadefin.com\/wp-content\/uploads\/2016\/08\/LOGO2-1024x188.jpg\" \/>\n<meta name=\"twitter:card\" content=\"summary_large_image\" \/>\n<meta name=\"twitter:site\" content=\"@giadefin\" \/>\n<script type=\"application\/ld+json\" class=\"yoast-schema-graph\">{\"@context\":\"https:\/\/schema.org\",\"@graph\":[{\"@type\":\"WebPage\",\"@id\":\"http:\/\/www.giadefin.com\/en\/gestion-inmobiliaria\/\",\"url\":\"http:\/\/www.giadefin.com\/en\/gestion-inmobiliaria\/\",\"name\":\"Inmuebles - Giadef\u00edn | Gesti\u00f3n Inmobiliaria y Administraci\u00f3n de Fincas\",\"isPartOf\":{\"@id\":\"http:\/\/www.giadefin.com\/#website\"},\"datePublished\":\"2016-08-26T18:59:03+00:00\",\"dateModified\":\"2019-04-08T19:13:02+00:00\",\"breadcrumb\":{\"@id\":\"http:\/\/www.giadefin.com\/en\/gestion-inmobiliaria\/#breadcrumb\"},\"inLanguage\":\"en-US\",\"potentialAction\":[{\"@type\":\"ReadAction\",\"target\":[\"http:\/\/www.giadefin.com\/en\/gestion-inmobiliaria\/\"]}]},{\"@type\":\"BreadcrumbList\",\"@id\":\"http:\/\/www.giadefin.com\/en\/gestion-inmobiliaria\/#breadcrumb\",\"itemListElement\":[{\"@type\":\"ListItem\",\"position\":1,\"name\":\"Portada\",\"item\":\"http:\/\/www.giadefin.com\/\"},{\"@type\":\"ListItem\",\"position\":2,\"name\":\"Inmuebles\"}]},{\"@type\":\"WebSite\",\"@id\":\"http:\/\/www.giadefin.com\/#website\",\"url\":\"http:\/\/www.giadefin.com\/\",\"name\":\"Giadef\u00edn | Gesti\u00f3n Inmobiliaria y Administraci\u00f3n de Fincas\",\"description\":\"\",\"potentialAction\":[{\"@type\":\"SearchAction\",\"target\":{\"@type\":\"EntryPoint\",\"urlTemplate\":\"http:\/\/www.giadefin.com\/?s={search_term_string}\"},\"query-input\":\"required name=search_term_string\"}],\"inLanguage\":\"en-US\"}]}<\/script>\n<!-- \/ Yoast SEO plugin. -->","yoast_head_json":{"title":"Inmuebles - Giadef\u00edn | Gesti\u00f3n Inmobiliaria y Administraci\u00f3n de Fincas","robots":{"index":"index","follow":"follow","max-snippet":"max-snippet:-1","max-image-preview":"max-image-preview:large","max-video-preview":"max-video-preview:-1"},"canonical":"http:\/\/www.giadefin.com\/en\/gestion-inmobiliaria\/","og_locale":"en_US","og_type":"article","og_title":"Inmuebles - Giadef\u00edn | Gesti\u00f3n Inmobiliaria y Administraci\u00f3n de Fincas","og_url":"http:\/\/www.giadefin.com\/en\/gestion-inmobiliaria\/","og_site_name":"Giadef\u00edn | Gesti\u00f3n Inmobiliaria y Administraci\u00f3n de Fincas","article_modified_time":"2019-04-08T19:13:02+00:00","og_image":[{"url":"http:\/\/www.giadefin.com\/wp-content\/uploads\/2016\/08\/LOGO2-1024x188.jpg"}],"twitter_card":"summary_large_image","twitter_site":"@giadefin","schema":{"@context":"https:\/\/schema.org","@graph":[{"@type":"WebPage","@id":"http:\/\/www.giadefin.com\/en\/gestion-inmobiliaria\/","url":"http:\/\/www.giadefin.com\/en\/gestion-inmobiliaria\/","name":"Inmuebles - Giadef\u00edn | Gesti\u00f3n Inmobiliaria y Administraci\u00f3n de Fincas","isPartOf":{"@id":"http:\/\/www.giadefin.com\/#website"},"datePublished":"2016-08-26T18:59:03+00:00","dateModified":"2019-04-08T19:13:02+00:00","breadcrumb":{"@id":"http:\/\/www.giadefin.com\/en\/gestion-inmobiliaria\/#breadcrumb"},"inLanguage":"en-US","potentialAction":[{"@type":"ReadAction","target":["http:\/\/www.giadefin.com\/en\/gestion-inmobiliaria\/"]}]},{"@type":"BreadcrumbList","@id":"http:\/\/www.giadefin.com\/en\/gestion-inmobiliaria\/#breadcrumb","itemListElement":[{"@type":"ListItem","position":1,"name":"Portada","item":"http:\/\/www.giadefin.com\/"},{"@type":"ListItem","position":2,"name":"Inmuebles"}]},{"@type":"WebSite","@id":"http:\/\/www.giadefin.com\/#website","url":"http:\/\/www.giadefin.com\/","name":"Giadef\u00edn | Gesti\u00f3n Inmobiliaria y Administraci\u00f3n de Fincas","description":"","potentialAction":[{"@type":"SearchAction","target":{"@type":"EntryPoint","urlTemplate":"http:\/\/www.giadefin.com\/?s={search_term_string}"},"query-input":"required name=search_term_string"}],"inLanguage":"en-US"}]}},"_links":{"self":[{"href":"http:\/\/www.giadefin.com\/en\/wp-json\/wp\/v2\/pages\/17"}],"collection":[{"href":"http:\/\/www.giadefin.com\/en\/wp-json\/wp\/v2\/pages"}],"about":[{"href":"http:\/\/www.giadefin.com\/en\/wp-json\/wp\/v2\/types\/page"}],"author":[{"embeddable":true,"href":"http:\/\/www.giadefin.com\/en\/wp-json\/wp\/v2\/users\/1"}],"replies":[{"embeddable":true,"href":"http:\/\/www.giadefin.com\/en\/wp-json\/wp\/v2\/comments?post=17"}],"version-history":[{"count":17,"href":"http:\/\/www.giadefin.com\/en\/wp-json\/wp\/v2\/pages\/17\/revisions"}],"predecessor-version":[{"id":292,"href":"http:\/\/www.giadefin.com\/en\/wp-json\/wp\/v2\/pages\/17\/revisions\/292"}],"wp:attachment":[{"href":"http:\/\/www.giadefin.com\/en\/wp-json\/wp\/v2\/media?parent=17"}],"curies":[{"name":"wp","href":"https:\/\/api.w.org\/{rel}","templated":true}]}}