{"id":150,"date":"2016-11-28T17:59:44","date_gmt":"2016-11-28T17:59:44","guid":{"rendered":"http:\/\/www.giadefin.com\/web\/?page_id=150"},"modified":"2017-01-14T13:48:50","modified_gmt":"2017-01-14T12:48:50","slug":"construccion","status":"publish","type":"page","link":"http:\/\/www.giadefin.com\/en\/construccion\/","title":{"rendered":"Construcci\u00f3n"},"content":{"rendered":"<p style=\"text-align: justify;\"><span style=\"color: #333333;\"><img decoding=\"async\" loading=\"lazy\" class=\"alignleft size-medium wp-image-215\" src=\"http:\/\/www.giadefin.com\/wp-content\/uploads\/2016\/11\/LOGO2017-300x55.png\" alt=\"logo2017\" width=\"300\" height=\"55\" srcset=\"http:\/\/www.giadefin.com\/wp-content\/uploads\/2016\/11\/LOGO2017-300x55.png 300w, http:\/\/www.giadefin.com\/wp-content\/uploads\/2016\/11\/LOGO2017-768x140.png 768w, http:\/\/www.giadefin.com\/wp-content\/uploads\/2016\/11\/LOGO2017-1024x187.png 1024w\" sizes=\"(max-width: 300px) 100vw, 300px\" \/>En <strong>GIADEFIN<\/strong>, le ofrecemos los servicios de Construcci\u00f3n en general, obras y reformas, rehabilitaci\u00f3n de edificios, fachadas, pinturas, trabajos verticales, impermeabilizaci\u00f3n, ejecuci\u00f3n de obra nueva, proyectos, permisos y con garant\u00eda en nuestros trabajos.<\/span><\/p>\n<p style=\"text-align: justify;\">Disponemos de un equipo de arquitectos, t\u00e9cnicos e ingenieros, los cuales se encargan de todo el proceso de supervisi\u00f3n para la construcci\u00f3n de viviendas unifamiliares, piscinas,\u00a0 edificios de viviendas, oficinas y naves industriales.<\/p>\n<p>&nbsp;<\/p>\n","protected":false},"excerpt":{"rendered":"<p>En GIADEFIN, le ofrecemos los servicios de Construcci\u00f3n en general, obras y reformas, rehabilitaci\u00f3n de edificios, fachadas, pinturas, trabajos verticales, impermeabilizaci\u00f3n, ejecuci\u00f3n de obra nueva, proyectos, permisos y con garant\u00eda en nuestros trabajos. Disponemos de un equipo de arquitectos, t\u00e9cnicos e ingenieros, los cuales se encargan de todo el proceso de supervisi\u00f3n para la construcci\u00f3n&hellip;<\/p>\n","protected":false},"author":1,"featured_media":0,"parent":0,"menu_order":0,"comment_status":"closed","ping_status":"closed","template":"","meta":{"_mi_skip_tracking":false},"yoast_head":"<!-- This site is optimized with the Yoast SEO plugin v20.2.1 - https:\/\/yoast.com\/wordpress\/plugins\/seo\/ -->\n<title>Construcci\u00f3n - Giadef\u00edn | Gesti\u00f3n Inmobiliaria y Administraci\u00f3n de Fincas<\/title>\n<meta name=\"robots\" content=\"index, follow, max-snippet:-1, max-image-preview:large, max-video-preview:-1\" \/>\n<link rel=\"canonical\" href=\"http:\/\/www.giadefin.com\/en\/construccion\/\" \/>\n<meta property=\"og:locale\" content=\"en_US\" \/>\n<meta property=\"og:type\" content=\"article\" \/>\n<meta property=\"og:title\" content=\"Construcci\u00f3n - Giadef\u00edn | Gesti\u00f3n Inmobiliaria y Administraci\u00f3n de Fincas\" \/>\n<meta property=\"og:description\" content=\"En GIADEFIN, le ofrecemos los servicios de Construcci\u00f3n en general, obras y reformas, rehabilitaci\u00f3n de edificios, fachadas, pinturas, trabajos verticales, impermeabilizaci\u00f3n, ejecuci\u00f3n de obra nueva, proyectos, permisos y con garant\u00eda en nuestros trabajos. Disponemos de un equipo de arquitectos, t\u00e9cnicos e ingenieros, los cuales se encargan de todo el proceso de supervisi\u00f3n para la construcci\u00f3n&hellip;\" \/>\n<meta property=\"og:url\" content=\"http:\/\/www.giadefin.com\/en\/construccion\/\" \/>\n<meta property=\"og:site_name\" content=\"Giadef\u00edn | Gesti\u00f3n Inmobiliaria y Administraci\u00f3n de Fincas\" \/>\n<meta property=\"article:modified_time\" content=\"2017-01-14T12:48:50+00:00\" \/>\n<meta property=\"og:image\" content=\"http:\/\/www.giadefin.com\/wp-content\/uploads\/2016\/11\/LOGO2017-300x55.png\" \/>\n<meta name=\"twitter:card\" content=\"summary_large_image\" \/>\n<meta name=\"twitter:site\" content=\"@giadefin\" \/>\n<script type=\"application\/ld+json\" class=\"yoast-schema-graph\">{\"@context\":\"https:\/\/schema.org\",\"@graph\":[{\"@type\":\"WebPage\",\"@id\":\"http:\/\/www.giadefin.com\/en\/construccion\/\",\"url\":\"http:\/\/www.giadefin.com\/en\/construccion\/\",\"name\":\"Construcci\u00f3n - Giadef\u00edn | Gesti\u00f3n Inmobiliaria y Administraci\u00f3n de Fincas\",\"isPartOf\":{\"@id\":\"http:\/\/www.giadefin.com\/#website\"},\"datePublished\":\"2016-11-28T17:59:44+00:00\",\"dateModified\":\"2017-01-14T12:48:50+00:00\",\"breadcrumb\":{\"@id\":\"http:\/\/www.giadefin.com\/en\/construccion\/#breadcrumb\"},\"inLanguage\":\"en-US\",\"potentialAction\":[{\"@type\":\"ReadAction\",\"target\":[\"http:\/\/www.giadefin.com\/en\/construccion\/\"]}]},{\"@type\":\"BreadcrumbList\",\"@id\":\"http:\/\/www.giadefin.com\/en\/construccion\/#breadcrumb\",\"itemListElement\":[{\"@type\":\"ListItem\",\"position\":1,\"name\":\"Portada\",\"item\":\"http:\/\/www.giadefin.com\/\"},{\"@type\":\"ListItem\",\"position\":2,\"name\":\"Construcci\u00f3n\"}]},{\"@type\":\"WebSite\",\"@id\":\"http:\/\/www.giadefin.com\/#website\",\"url\":\"http:\/\/www.giadefin.com\/\",\"name\":\"Giadef\u00edn | Gesti\u00f3n Inmobiliaria y Administraci\u00f3n de Fincas\",\"description\":\"\",\"potentialAction\":[{\"@type\":\"SearchAction\",\"target\":{\"@type\":\"EntryPoint\",\"urlTemplate\":\"http:\/\/www.giadefin.com\/?s={search_term_string}\"},\"query-input\":\"required name=search_term_string\"}],\"inLanguage\":\"en-US\"}]}<\/script>\n<!-- \/ Yoast SEO plugin. -->","yoast_head_json":{"title":"Construcci\u00f3n - Giadef\u00edn | Gesti\u00f3n Inmobiliaria y Administraci\u00f3n de Fincas","robots":{"index":"index","follow":"follow","max-snippet":"max-snippet:-1","max-image-preview":"max-image-preview:large","max-video-preview":"max-video-preview:-1"},"canonical":"http:\/\/www.giadefin.com\/en\/construccion\/","og_locale":"en_US","og_type":"article","og_title":"Construcci\u00f3n - Giadef\u00edn | Gesti\u00f3n Inmobiliaria y Administraci\u00f3n de Fincas","og_description":"En GIADEFIN, le ofrecemos los servicios de Construcci\u00f3n en general, obras y reformas, rehabilitaci\u00f3n de edificios, fachadas, pinturas, trabajos verticales, impermeabilizaci\u00f3n, ejecuci\u00f3n de obra nueva, proyectos, permisos y con garant\u00eda en nuestros trabajos. Disponemos de un equipo de arquitectos, t\u00e9cnicos e ingenieros, los cuales se encargan de todo el proceso de supervisi\u00f3n para la construcci\u00f3n&hellip;","og_url":"http:\/\/www.giadefin.com\/en\/construccion\/","og_site_name":"Giadef\u00edn | Gesti\u00f3n Inmobiliaria y Administraci\u00f3n de Fincas","article_modified_time":"2017-01-14T12:48:50+00:00","og_image":[{"url":"http:\/\/www.giadefin.com\/wp-content\/uploads\/2016\/11\/LOGO2017-300x55.png"}],"twitter_card":"summary_large_image","twitter_site":"@giadefin","schema":{"@context":"https:\/\/schema.org","@graph":[{"@type":"WebPage","@id":"http:\/\/www.giadefin.com\/en\/construccion\/","url":"http:\/\/www.giadefin.com\/en\/construccion\/","name":"Construcci\u00f3n - Giadef\u00edn | Gesti\u00f3n Inmobiliaria y Administraci\u00f3n de Fincas","isPartOf":{"@id":"http:\/\/www.giadefin.com\/#website"},"datePublished":"2016-11-28T17:59:44+00:00","dateModified":"2017-01-14T12:48:50+00:00","breadcrumb":{"@id":"http:\/\/www.giadefin.com\/en\/construccion\/#breadcrumb"},"inLanguage":"en-US","potentialAction":[{"@type":"ReadAction","target":["http:\/\/www.giadefin.com\/en\/construccion\/"]}]},{"@type":"BreadcrumbList","@id":"http:\/\/www.giadefin.com\/en\/construccion\/#breadcrumb","itemListElement":[{"@type":"ListItem","position":1,"name":"Portada","item":"http:\/\/www.giadefin.com\/"},{"@type":"ListItem","position":2,"name":"Construcci\u00f3n"}]},{"@type":"WebSite","@id":"http:\/\/www.giadefin.com\/#website","url":"http:\/\/www.giadefin.com\/","name":"Giadef\u00edn | Gesti\u00f3n Inmobiliaria y Administraci\u00f3n de Fincas","description":"","potentialAction":[{"@type":"SearchAction","target":{"@type":"EntryPoint","urlTemplate":"http:\/\/www.giadefin.com\/?s={search_term_string}"},"query-input":"required name=search_term_string"}],"inLanguage":"en-US"}]}},"_links":{"self":[{"href":"http:\/\/www.giadefin.com\/en\/wp-json\/wp\/v2\/pages\/150"}],"collection":[{"href":"http:\/\/www.giadefin.com\/en\/wp-json\/wp\/v2\/pages"}],"about":[{"href":"http:\/\/www.giadefin.com\/en\/wp-json\/wp\/v2\/types\/page"}],"author":[{"embeddable":true,"href":"http:\/\/www.giadefin.com\/en\/wp-json\/wp\/v2\/users\/1"}],"replies":[{"embeddable":true,"href":"http:\/\/www.giadefin.com\/en\/wp-json\/wp\/v2\/comments?post=150"}],"version-history":[{"count":22,"href":"http:\/\/www.giadefin.com\/en\/wp-json\/wp\/v2\/pages\/150\/revisions"}],"predecessor-version":[{"id":229,"href":"http:\/\/www.giadefin.com\/en\/wp-json\/wp\/v2\/pages\/150\/revisions\/229"}],"wp:attachment":[{"href":"http:\/\/www.giadefin.com\/en\/wp-json\/wp\/v2\/media?parent=150"}],"curies":[{"name":"wp","href":"https:\/\/api.w.org\/{rel}","templated":true}]}}