{"id":131,"date":"2016-11-20T12:50:43","date_gmt":"2016-11-20T12:50:43","guid":{"rendered":"http:\/\/www.giadefin.com\/web\/?page_id=131"},"modified":"2019-03-29T11:36:38","modified_gmt":"2019-03-29T10:36:38","slug":"contacto","status":"publish","type":"page","link":"http:\/\/www.giadefin.com\/en\/contacto\/","title":{"rendered":"Contacto"},"content":{"rendered":"<p><\/p>\n<div style=\"display:inline-block\">\n<div class=\"wpcf7 no-js\" id=\"wpcf7-f114-o1\" lang=\"es-ES\" dir=\"ltr\">\n<div class=\"screen-reader-response\"><p role=\"status\" aria-live=\"polite\" aria-atomic=\"true\"><\/p> <ul><\/ul><\/div>\n<form action=\"\/en\/wp-json\/wp\/v2\/pages\/131#wpcf7-f114-o1\" method=\"post\" class=\"wpcf7-form init\" aria-label=\"Formulario de contacto\" novalidate=\"novalidate\" data-status=\"init\">\n<div style=\"display: none;\">\n<input type=\"hidden\" name=\"_wpcf7\" value=\"114\" \/>\n<input type=\"hidden\" name=\"_wpcf7_version\" value=\"5.7.4\" \/>\n<input type=\"hidden\" name=\"_wpcf7_locale\" value=\"es_ES\" \/>\n<input type=\"hidden\" name=\"_wpcf7_unit_tag\" value=\"wpcf7-f114-o1\" \/>\n<input type=\"hidden\" name=\"_wpcf7_container_post\" value=\"0\" \/>\n<input type=\"hidden\" name=\"_wpcf7_posted_data_hash\" value=\"\" \/>\n<\/div>\n<p><label> Nombre (requerido)<br \/>\n<span class=\"wpcf7-form-control-wrap\" data-name=\"your-name\"><input size=\"40\" class=\"wpcf7-form-control wpcf7-text wpcf7-validates-as-required\" aria-required=\"true\" aria-invalid=\"false\" value=\"\" type=\"text\" name=\"your-name\" \/><\/span> <\/label>\n<\/p>\n<p><label> Tel\u00e9fono (requerido)<br \/>\n<span class=\"wpcf7-form-control-wrap\" data-name=\"tel-535\"><input size=\"40\" class=\"wpcf7-form-control wpcf7-text wpcf7-tel wpcf7-validates-as-tel\" aria-invalid=\"false\" value=\"\" type=\"tel\" name=\"tel-535\" \/><\/span> <\/label>\n<\/p>\n<p><label> Tu correo electr\u00f3nico (requerido)<br \/>\n<span class=\"wpcf7-form-control-wrap\" data-name=\"your-email\"><input size=\"40\" class=\"wpcf7-form-control wpcf7-text wpcf7-email wpcf7-validates-as-required wpcf7-validates-as-email\" aria-required=\"true\" aria-invalid=\"false\" value=\"\" type=\"email\" name=\"your-email\" \/><\/span> <\/label>\n<\/p>\n<p><label> Asunto<br \/>\n<span class=\"wpcf7-form-control-wrap\" data-name=\"your-subject\"><input size=\"40\" class=\"wpcf7-form-control wpcf7-text\" aria-invalid=\"false\" value=\"\" type=\"text\" name=\"your-subject\" \/><\/span> <\/label>\n<\/p>\n<p><label> Mensaje<br \/>\n<span class=\"wpcf7-form-control-wrap\" data-name=\"your-message\"><textarea cols=\"40\" rows=\"10\" class=\"wpcf7-form-control wpcf7-textarea\" aria-invalid=\"false\" name=\"your-message\"><\/textarea><\/span> <\/label>\n<\/p>\n<p><input class=\"wpcf7-form-control has-spinner wpcf7-submit\" type=\"submit\" value=\"Enviar\" \/>\n<\/p><div class=\"wpcf7-response-output\" aria-hidden=\"true\"><\/div>\n<\/form>\n<\/div>\n<\/div>\n<div style=\"display:inline-block;vertical-align: top;padding:1em\">\n<h4 style=\"color:#db1557\">Nos encontramos en:<\/h4>\n<p><\/br> Avd. Juan L\u00f3pez Pe\u00f1alver, 17 <\/br>Parque Tenol\u00f3gino Andaluc\u00eda <\/br>29590 M\u00e1laga<\/br><\/p>\n<h4 style=\"color:#db1557\">Ll\u00e1menos al:<\/h4>\n<p> <\/br>+34 952 499 034<\/div>\n<p><iframe loading=\"lazy\" src=\"https:\/\/www.google.com\/maps\/embed?pb=!1m18!1m12!1m3!1d3197.444299597899!2d-4.555507484711906!3d36.735905179961854!2m3!1f0!2f0!3f0!3m2!1i1024!2i768!4f13.1!3m3!1m2!1s0xd72f02d6dacba43%3A0x5c66852f6c6b7882!2sAv.+Juan+L%C3%B3pez+de+Pe%C3%B1alver%2C+17%2C+29590+M%C3%A1laga!5e0!3m2!1ses!2ses!4v1479648300635\" width=\"400\" height=\"300\" frameborder=\"0\" style=\"border:0\" allowfullscreen><\/iframe><\/p>","protected":false},"excerpt":{"rendered":"<p>Nos encontramos en: Avd. Juan L\u00f3pez Pe\u00f1alver, 17 Parque Tenol\u00f3gino Andaluc\u00eda 29590 M\u00e1laga Ll\u00e1menos al: +34 952 499 034<\/p>\n","protected":false},"author":1,"featured_media":0,"parent":0,"menu_order":0,"comment_status":"closed","ping_status":"closed","template":"","meta":{"_mi_skip_tracking":false},"yoast_head":"<!-- This site is optimized with the Yoast SEO plugin v20.2.1 - https:\/\/yoast.com\/wordpress\/plugins\/seo\/ -->\n<title>Contacto - Giadef\u00edn | Gesti\u00f3n Inmobiliaria y Administraci\u00f3n de Fincas<\/title>\n<meta name=\"robots\" content=\"index, follow, max-snippet:-1, max-image-preview:large, max-video-preview:-1\" \/>\n<link rel=\"canonical\" href=\"http:\/\/www.giadefin.com\/contacto\/\" \/>\n<meta property=\"og:locale\" content=\"en_US\" \/>\n<meta property=\"og:type\" content=\"article\" \/>\n<meta property=\"og:title\" content=\"Contacto - Giadef\u00edn | Gesti\u00f3n Inmobiliaria y Administraci\u00f3n de Fincas\" \/>\n<meta property=\"og:description\" content=\"Nos encontramos en: Avd. Juan L\u00f3pez Pe\u00f1alver, 17 Parque Tenol\u00f3gino Andaluc\u00eda 29590 M\u00e1laga Ll\u00e1menos al: +34 952 499 034\" \/>\n<meta property=\"og:url\" content=\"http:\/\/www.giadefin.com\/contacto\/\" \/>\n<meta property=\"og:site_name\" content=\"Giadef\u00edn | Gesti\u00f3n Inmobiliaria y Administraci\u00f3n de Fincas\" \/>\n<meta property=\"article:modified_time\" content=\"2019-03-29T10:36:38+00:00\" \/>\n<meta name=\"twitter:card\" content=\"summary_large_image\" \/>\n<meta name=\"twitter:site\" content=\"@giadefin\" \/>\n<script type=\"application\/ld+json\" class=\"yoast-schema-graph\">{\"@context\":\"https:\/\/schema.org\",\"@graph\":[{\"@type\":\"WebPage\",\"@id\":\"http:\/\/www.giadefin.com\/contacto\/\",\"url\":\"http:\/\/www.giadefin.com\/contacto\/\",\"name\":\"Contacto - Giadef\u00edn | Gesti\u00f3n Inmobiliaria y Administraci\u00f3n de Fincas\",\"isPartOf\":{\"@id\":\"http:\/\/www.giadefin.com\/#website\"},\"datePublished\":\"2016-11-20T12:50:43+00:00\",\"dateModified\":\"2019-03-29T10:36:38+00:00\",\"breadcrumb\":{\"@id\":\"http:\/\/www.giadefin.com\/contacto\/#breadcrumb\"},\"inLanguage\":\"en-US\",\"potentialAction\":[{\"@type\":\"ReadAction\",\"target\":[\"http:\/\/www.giadefin.com\/contacto\/\"]}]},{\"@type\":\"BreadcrumbList\",\"@id\":\"http:\/\/www.giadefin.com\/contacto\/#breadcrumb\",\"itemListElement\":[{\"@type\":\"ListItem\",\"position\":1,\"name\":\"Portada\",\"item\":\"http:\/\/www.giadefin.com\/\"},{\"@type\":\"ListItem\",\"position\":2,\"name\":\"Contacto\"}]},{\"@type\":\"WebSite\",\"@id\":\"http:\/\/www.giadefin.com\/#website\",\"url\":\"http:\/\/www.giadefin.com\/\",\"name\":\"Giadef\u00edn | Gesti\u00f3n Inmobiliaria y Administraci\u00f3n de Fincas\",\"description\":\"\",\"potentialAction\":[{\"@type\":\"SearchAction\",\"target\":{\"@type\":\"EntryPoint\",\"urlTemplate\":\"http:\/\/www.giadefin.com\/?s={search_term_string}\"},\"query-input\":\"required name=search_term_string\"}],\"inLanguage\":\"en-US\"}]}<\/script>\n<!-- \/ Yoast SEO plugin. -->","yoast_head_json":{"title":"Contacto - Giadef\u00edn | Gesti\u00f3n Inmobiliaria y Administraci\u00f3n de Fincas","robots":{"index":"index","follow":"follow","max-snippet":"max-snippet:-1","max-image-preview":"max-image-preview:large","max-video-preview":"max-video-preview:-1"},"canonical":"http:\/\/www.giadefin.com\/contacto\/","og_locale":"en_US","og_type":"article","og_title":"Contacto - Giadef\u00edn | Gesti\u00f3n Inmobiliaria y Administraci\u00f3n de Fincas","og_description":"Nos encontramos en: Avd. Juan L\u00f3pez Pe\u00f1alver, 17 Parque Tenol\u00f3gino Andaluc\u00eda 29590 M\u00e1laga Ll\u00e1menos al: +34 952 499 034","og_url":"http:\/\/www.giadefin.com\/contacto\/","og_site_name":"Giadef\u00edn | Gesti\u00f3n Inmobiliaria y Administraci\u00f3n de Fincas","article_modified_time":"2019-03-29T10:36:38+00:00","twitter_card":"summary_large_image","twitter_site":"@giadefin","schema":{"@context":"https:\/\/schema.org","@graph":[{"@type":"WebPage","@id":"http:\/\/www.giadefin.com\/contacto\/","url":"http:\/\/www.giadefin.com\/contacto\/","name":"Contacto - Giadef\u00edn | Gesti\u00f3n Inmobiliaria y Administraci\u00f3n de Fincas","isPartOf":{"@id":"http:\/\/www.giadefin.com\/#website"},"datePublished":"2016-11-20T12:50:43+00:00","dateModified":"2019-03-29T10:36:38+00:00","breadcrumb":{"@id":"http:\/\/www.giadefin.com\/contacto\/#breadcrumb"},"inLanguage":"en-US","potentialAction":[{"@type":"ReadAction","target":["http:\/\/www.giadefin.com\/contacto\/"]}]},{"@type":"BreadcrumbList","@id":"http:\/\/www.giadefin.com\/contacto\/#breadcrumb","itemListElement":[{"@type":"ListItem","position":1,"name":"Portada","item":"http:\/\/www.giadefin.com\/"},{"@type":"ListItem","position":2,"name":"Contacto"}]},{"@type":"WebSite","@id":"http:\/\/www.giadefin.com\/#website","url":"http:\/\/www.giadefin.com\/","name":"Giadef\u00edn | Gesti\u00f3n Inmobiliaria y Administraci\u00f3n de Fincas","description":"","potentialAction":[{"@type":"SearchAction","target":{"@type":"EntryPoint","urlTemplate":"http:\/\/www.giadefin.com\/?s={search_term_string}"},"query-input":"required name=search_term_string"}],"inLanguage":"en-US"}]}},"_links":{"self":[{"href":"http:\/\/www.giadefin.com\/en\/wp-json\/wp\/v2\/pages\/131"}],"collection":[{"href":"http:\/\/www.giadefin.com\/en\/wp-json\/wp\/v2\/pages"}],"about":[{"href":"http:\/\/www.giadefin.com\/en\/wp-json\/wp\/v2\/types\/page"}],"author":[{"embeddable":true,"href":"http:\/\/www.giadefin.com\/en\/wp-json\/wp\/v2\/users\/1"}],"replies":[{"embeddable":true,"href":"http:\/\/www.giadefin.com\/en\/wp-json\/wp\/v2\/comments?post=131"}],"version-history":[{"count":20,"href":"http:\/\/www.giadefin.com\/en\/wp-json\/wp\/v2\/pages\/131\/revisions"}],"predecessor-version":[{"id":262,"href":"http:\/\/www.giadefin.com\/en\/wp-json\/wp\/v2\/pages\/131\/revisions\/262"}],"wp:attachment":[{"href":"http:\/\/www.giadefin.com\/en\/wp-json\/wp\/v2\/media?parent=131"}],"curies":[{"name":"wp","href":"https:\/\/api.w.org\/{rel}","templated":true}]}}